{"id":321,"date":"2018-07-12T15:17:44","date_gmt":"2018-07-12T15:17:44","guid":{"rendered":"http:\/\/www.homeopaath.nl\/?page_id=321"},"modified":"2018-07-12T15:17:45","modified_gmt":"2018-07-12T15:17:45","slug":"orthomoleculaire-voeding","status":"publish","type":"page","link":"https:\/\/www.homeopaath.nl\/?page_id=321","title":{"rendered":"Orthomoleculaire voeding"},"content":{"rendered":"<div id=\"pl-321\"  class=\"panel-layout\" ><div id=\"pg-321-0\"  class=\"panel-grid panel-no-style\" ><div id=\"pgc-321-0-0\"  class=\"panel-grid-cell\" ><div id=\"panel-321-0-0-0\" class=\"so-panel widget widget_sow-editor panel-first-child panel-last-child\" data-index=\"0\" ><div\n\t\t\t\n\t\t\tclass=\"so-widget-sow-editor so-widget-sow-editor-base\"\n\t\t\t\n\t\t><h3 class=\"widget-title\">Wat is orthomoleculaire geneeskunde? <\/h3>\n<div class=\"siteorigin-widget-tinymce textwidget\">\n\t<p>Momenteel zijn we getuigen van een ware revolutie in het denken over de gezondheidszorg. Steeds meer mensen willen mede verantwoordelijk zijn voor hun eigen gezondheid. Gezonde voeding en levenswijze nemen daarbij een belangrijke plaats in. Pati\u00ebnten krijgen steeds meer door dat alleen symptoom bestrijding geen oplossing is.<\/p>\n<p>De reguliere geneeskunde werkt veel te veel met anti-middelen. Als je maagzuur hebt krijg je een anti-maagzuurmiddel, als je depressief bent krijg je een anti-depressiemiddel en bij chronische buikklachten krijg je anti-buikkrampmiddelen. Er wordt helaas te weinig naar de oorzaak van de klachten gekeken.<\/p>\n<p>Gelukkig krijgen het belang van een volwaardige voeding en de gezondheid bevorderende eigenschappen van micronutri\u00ebnten, zoals vitaminen, mineralen, sporenelementen en andere levensverlengende substanties, steeds meer aandacht. Door een optimale toevoer van micronutri\u00ebnten d.m.v. een gezonde voeding, eventueel aangevuld met extra suppletie, kunnen we niet alleen ziektes voorkomen maar in vele gevallen ook ziektes genezen. In veel gevallen kan dit doel bereikt worden zonder dure medicamenten en operaties. Optimale voeding, eventueel in combinatie met extra suppleties, doet onze lichamelijke en geestelijke weerstand stijgen en bevordert een langer en vooral een gezonder leven.<br \/>\nReeds de beroemde Griekse arts Hippocrates zei: 'Je voeding dient je medicijn te zijn'. Eerst nu begint de moderne wetenschap de waarde van dit eenvoudige principe in te zien.<\/p>\n<p>De basis voor dit nieuwe voedingsbewustzijn werd voor een groot deel gelegd door pioniers uit de biochemie in de 60-er jaren zoals prof. Linus Pauling, tweevoudig winnaar van de Nobelprijs en een van de grootste wetenschappers van de 20e eeuw. Prof. Pauling ontwikkelde een op optimale voeding en micronutri\u00ebntentoevoer gericht systeem ter voorkoming en behandeling van ziektes. Hij ontdekte dat chronische ziektes ontstaan wanneer de biochemie van het lichaam verstoord is door tekorten of disbalans van voedingsstoffen en micronutri\u00ebnten in het lichaam. Het opheffen van deze tekorten of disbalans d.m.v. voedingsverandering en eventueel suppletie met vitamines, mineralen en sporenelementen werd een nieuwe therapievorm die hij de naam orthomoleculaire geneeskunde gaf.<\/p>\n<p>Zijn definitie van orthomoleculaire geneeskunde is: 'Het behoud van gezondheid en de behandeling van ziekte door verandering van de concentraties van substanties die normaal in het lichaam aanwezig zijn en die voor een optimale gezondheid noodzakelijk zijn.'<\/p>\n<p>Tot deze lichaamseigen substanties behoren de zgn. essenti\u00eble voedingsstoffen: vitamines, mineralen, sporenelementen, aminozuren en vetzuren die voor het in stand houden van het leven noodzakelijk zijn. Ze moeten door voeding of extra suppletie aangevoerd worden daar het lichaam ze niet zelf kan maken. Er bestaan ongeveer 45 essenti\u00eble voedingsstoffen of nutri\u00ebnten. De vitamines, mineralen en sporenelementen onder deze essenti\u00eble nutri\u00ebnten worden micronutri\u00ebnten genoemd omdat er relatief kleine hoeveelheden van nodig zijn. Toch zijn deze micronutri\u00ebnten zeer belangrijk voor onze gezondheid omdat ze een sleutelpositie innemen in de celstofwisseling. De contractie van spiervezels, de zenuwgeleiding, de hormoonaanmaak en ontelbare andere functies hangen af van een continue en uitgebalanceerde aanvoer van deze voedingsstoffen.<\/p>\n<p>Bij zware tekorten ontwikkelen zich gedurende weken tot maanden wanneer de reserves van het lichaam uitgeput raken duidelijke symptomen zoals bv. tandvleesbloedingen, haaruitval en een ruwe huid bij vitamine C-tekort.<\/p>\n<p>Daarentegen verzwakken lichte tekorten onze cellen en treden de negatieve effecten pas geleidelijk - bijna onmerkbaar en in het begin helemaal niet merkbaar - op totdat ze na jaren tot tientallen jaren duidelijk worden als bv. verminderde afweer, verhoogd kankerrisico, suikerziekte of hart- en vaataandoeningen.<\/p>\n<p>Een voor het dagelijks overleven voldoende aanvoer van nutri\u00ebnten is niet automatisch voldoende voor een levenslange gezondheidstopvorm.<br \/>\nBij ziektes, stress, chronische overbelasting in werk en \/ of sport, roken, alcoholmisbruik en gebruik van verdovende middelen raken de nutri\u00ebntenreserves sneller uitgeput.<\/p>\n<p>Een optimale toevoer van essenti\u00eble nutri\u00ebnten zorgt er voor dat de reservoirs ook bij verhoogd verbruik gevuld blijven zodat het lichaam in alle omstandigheden goed blijft functioneren.<\/p>\n<p>De orthomoleculaire geneeskunde probeert via een optimale aanvoer van essenti\u00eble nutri\u00ebnten via voeding en eventuele extra suppletie een optimale gezondheid te cre\u00ebren en ziektes te behandelen.<\/p>\n<p>De orthomoleculaire geneeskunde neemt een belangrijke plaats in bij de behandeling van vele chronische ziektes zoals bv. artrose, reuma, hart- en vaatziekten, verhoogd cholesterol, diabetes, chronisch vermoeidheidssyndroom, chronische pijnklachten, psoriasis, eczeem, hormonale stoornissen en multiple sclerose.<\/p>\n<p>Een vrij nieuwe tak in de orthomoleculaire geneeskunde is de zgn. Anti-Aging Medicine.<br \/>\nHet doel van de Anti-Aging Medicine is verhoging van de kwaliteit en verlenging van het leven d.m.v. adviezen op het gebied van voeding en leefwijze en het adviseren van essenti\u00eble nutri\u00ebntensuppletie en andere stoffen die een levensverlengende werking hebben.<\/p>\n<\/div>\n<\/div><\/div><\/div><\/div><\/div>","protected":false},"excerpt":{"rendered":"<p>Momenteel zijn we getuigen van een ware revolutie in het denken over de gezondheidszorg. Steeds meer mensen willen mede verantwoordelijk zijn voor hun eigen gezondheid. Gezonde voeding en levenswijze nemen daarbij een belangrijke plaats in. Pati\u00ebnten krijgen steeds meer door dat alleen symptoom bestrijding geen oplossing is. De reguliere geneeskunde werkt veel te veel met [&hellip;]<\/p>\n","protected":false},"author":1,"featured_media":0,"parent":0,"menu_order":0,"comment_status":"closed","ping_status":"closed","template":"","meta":{"footnotes":""},"class_list":["post-321","page","type-page","status-publish","hentry"],"yoast_head":"<!-- This site is optimized with the Yoast SEO plugin v27.5 - https:\/\/yoast.com\/product\/yoast-seo-wordpress\/ -->\n<title>Orthomoleculaire voeding - Homeopaath<\/title>\n<meta name=\"robots\" content=\"index, follow, max-snippet:-1, max-image-preview:large, max-video-preview:-1\" \/>\n<link rel=\"canonical\" href=\"https:\/\/www.homeopaath.nl\/?page_id=321\" \/>\n<meta property=\"og:locale\" content=\"nl_NL\" \/>\n<meta property=\"og:type\" content=\"article\" \/>\n<meta property=\"og:title\" content=\"Orthomoleculaire voeding - Homeopaath\" \/>\n<meta property=\"og:description\" content=\"Momenteel zijn we getuigen van een ware revolutie in het denken over de gezondheidszorg. Steeds meer mensen willen mede verantwoordelijk zijn voor hun eigen gezondheid. Gezonde voeding en levenswijze nemen daarbij een belangrijke plaats in. Pati\u00ebnten krijgen steeds meer door dat alleen symptoom bestrijding geen oplossing is. De reguliere geneeskunde werkt veel te veel met [&hellip;]\" \/>\n<meta property=\"og:url\" content=\"https:\/\/www.homeopaath.nl\/?page_id=321\" \/>\n<meta property=\"og:site_name\" content=\"Homeopaath\" \/>\n<meta property=\"article:modified_time\" content=\"2018-07-12T15:17:45+00:00\" \/>\n<meta name=\"twitter:card\" content=\"summary_large_image\" \/>\n<meta name=\"twitter:label1\" content=\"Geschatte leestijd\" \/>\n\t<meta name=\"twitter:data1\" content=\"4 minuten\" \/>\n<script type=\"application\/ld+json\" class=\"yoast-schema-graph\">{\"@context\":\"https:\\\/\\\/schema.org\",\"@graph\":[{\"@type\":\"WebPage\",\"@id\":\"https:\\\/\\\/www.homeopaath.nl\\\/?page_id=321\",\"url\":\"https:\\\/\\\/www.homeopaath.nl\\\/?page_id=321\",\"name\":\"Orthomoleculaire voeding - Homeopaath\",\"isPartOf\":{\"@id\":\"https:\\\/\\\/www.homeopaath.nl\\\/#website\"},\"datePublished\":\"2018-07-12T15:17:44+00:00\",\"dateModified\":\"2018-07-12T15:17:45+00:00\",\"breadcrumb\":{\"@id\":\"https:\\\/\\\/www.homeopaath.nl\\\/?page_id=321#breadcrumb\"},\"inLanguage\":\"nl-NL\",\"potentialAction\":[{\"@type\":\"ReadAction\",\"target\":[\"https:\\\/\\\/www.homeopaath.nl\\\/?page_id=321\"]}]},{\"@type\":\"BreadcrumbList\",\"@id\":\"https:\\\/\\\/www.homeopaath.nl\\\/?page_id=321#breadcrumb\",\"itemListElement\":[{\"@type\":\"ListItem\",\"position\":1,\"name\":\"Home\",\"item\":\"https:\\\/\\\/www.homeopaath.nl\\\/\"},{\"@type\":\"ListItem\",\"position\":2,\"name\":\"Orthomoleculaire voeding\"}]},{\"@type\":\"WebSite\",\"@id\":\"https:\\\/\\\/www.homeopaath.nl\\\/#website\",\"url\":\"https:\\\/\\\/www.homeopaath.nl\\\/\",\"name\":\"Homeopaath\",\"description\":\"Praktijk voor Natuurgeneeskunde &amp; Klassieke Homeopathie\",\"publisher\":{\"@id\":\"https:\\\/\\\/www.homeopaath.nl\\\/#organization\"},\"potentialAction\":[{\"@type\":\"SearchAction\",\"target\":{\"@type\":\"EntryPoint\",\"urlTemplate\":\"https:\\\/\\\/www.homeopaath.nl\\\/?s={search_term_string}\"},\"query-input\":{\"@type\":\"PropertyValueSpecification\",\"valueRequired\":true,\"valueName\":\"search_term_string\"}}],\"inLanguage\":\"nl-NL\"},{\"@type\":\"Organization\",\"@id\":\"https:\\\/\\\/www.homeopaath.nl\\\/#organization\",\"name\":\"Homeopaath\",\"url\":\"https:\\\/\\\/www.homeopaath.nl\\\/\",\"logo\":{\"@type\":\"ImageObject\",\"inLanguage\":\"nl-NL\",\"@id\":\"https:\\\/\\\/www.homeopaath.nl\\\/#\\\/schema\\\/logo\\\/image\\\/\",\"url\":\"https:\\\/\\\/www.homeopaath.nl\\\/wp-content\\\/uploads\\\/2018\\\/07\\\/cropped-Logo-Andre-Vonk-e1530714342451-2.png\",\"contentUrl\":\"https:\\\/\\\/www.homeopaath.nl\\\/wp-content\\\/uploads\\\/2018\\\/07\\\/cropped-Logo-Andre-Vonk-e1530714342451-2.png\",\"width\":200,\"height\":169,\"caption\":\"Homeopaath\"},\"image\":{\"@id\":\"https:\\\/\\\/www.homeopaath.nl\\\/#\\\/schema\\\/logo\\\/image\\\/\"}}]}<\/script>\n<!-- \/ Yoast SEO plugin. -->","yoast_head_json":{"title":"Orthomoleculaire voeding - Homeopaath","robots":{"index":"index","follow":"follow","max-snippet":"max-snippet:-1","max-image-preview":"max-image-preview:large","max-video-preview":"max-video-preview:-1"},"canonical":"https:\/\/www.homeopaath.nl\/?page_id=321","og_locale":"nl_NL","og_type":"article","og_title":"Orthomoleculaire voeding - Homeopaath","og_description":"Momenteel zijn we getuigen van een ware revolutie in het denken over de gezondheidszorg. Steeds meer mensen willen mede verantwoordelijk zijn voor hun eigen gezondheid. Gezonde voeding en levenswijze nemen daarbij een belangrijke plaats in. Pati\u00ebnten krijgen steeds meer door dat alleen symptoom bestrijding geen oplossing is. De reguliere geneeskunde werkt veel te veel met [&hellip;]","og_url":"https:\/\/www.homeopaath.nl\/?page_id=321","og_site_name":"Homeopaath","article_modified_time":"2018-07-12T15:17:45+00:00","twitter_card":"summary_large_image","twitter_misc":{"Geschatte leestijd":"4 minuten"},"schema":{"@context":"https:\/\/schema.org","@graph":[{"@type":"WebPage","@id":"https:\/\/www.homeopaath.nl\/?page_id=321","url":"https:\/\/www.homeopaath.nl\/?page_id=321","name":"Orthomoleculaire voeding - Homeopaath","isPartOf":{"@id":"https:\/\/www.homeopaath.nl\/#website"},"datePublished":"2018-07-12T15:17:44+00:00","dateModified":"2018-07-12T15:17:45+00:00","breadcrumb":{"@id":"https:\/\/www.homeopaath.nl\/?page_id=321#breadcrumb"},"inLanguage":"nl-NL","potentialAction":[{"@type":"ReadAction","target":["https:\/\/www.homeopaath.nl\/?page_id=321"]}]},{"@type":"BreadcrumbList","@id":"https:\/\/www.homeopaath.nl\/?page_id=321#breadcrumb","itemListElement":[{"@type":"ListItem","position":1,"name":"Home","item":"https:\/\/www.homeopaath.nl\/"},{"@type":"ListItem","position":2,"name":"Orthomoleculaire voeding"}]},{"@type":"WebSite","@id":"https:\/\/www.homeopaath.nl\/#website","url":"https:\/\/www.homeopaath.nl\/","name":"Homeopaath","description":"Praktijk voor Natuurgeneeskunde &amp; Klassieke Homeopathie","publisher":{"@id":"https:\/\/www.homeopaath.nl\/#organization"},"potentialAction":[{"@type":"SearchAction","target":{"@type":"EntryPoint","urlTemplate":"https:\/\/www.homeopaath.nl\/?s={search_term_string}"},"query-input":{"@type":"PropertyValueSpecification","valueRequired":true,"valueName":"search_term_string"}}],"inLanguage":"nl-NL"},{"@type":"Organization","@id":"https:\/\/www.homeopaath.nl\/#organization","name":"Homeopaath","url":"https:\/\/www.homeopaath.nl\/","logo":{"@type":"ImageObject","inLanguage":"nl-NL","@id":"https:\/\/www.homeopaath.nl\/#\/schema\/logo\/image\/","url":"https:\/\/www.homeopaath.nl\/wp-content\/uploads\/2018\/07\/cropped-Logo-Andre-Vonk-e1530714342451-2.png","contentUrl":"https:\/\/www.homeopaath.nl\/wp-content\/uploads\/2018\/07\/cropped-Logo-Andre-Vonk-e1530714342451-2.png","width":200,"height":169,"caption":"Homeopaath"},"image":{"@id":"https:\/\/www.homeopaath.nl\/#\/schema\/logo\/image\/"}}]}},"_links":{"self":[{"href":"https:\/\/www.homeopaath.nl\/index.php?rest_route=\/wp\/v2\/pages\/321","targetHints":{"allow":["GET"]}}],"collection":[{"href":"https:\/\/www.homeopaath.nl\/index.php?rest_route=\/wp\/v2\/pages"}],"about":[{"href":"https:\/\/www.homeopaath.nl\/index.php?rest_route=\/wp\/v2\/types\/page"}],"author":[{"embeddable":true,"href":"https:\/\/www.homeopaath.nl\/index.php?rest_route=\/wp\/v2\/users\/1"}],"replies":[{"embeddable":true,"href":"https:\/\/www.homeopaath.nl\/index.php?rest_route=%2Fwp%2Fv2%2Fcomments&post=321"}],"version-history":[{"count":0,"href":"https:\/\/www.homeopaath.nl\/index.php?rest_route=\/wp\/v2\/pages\/321\/revisions"}],"wp:attachment":[{"href":"https:\/\/www.homeopaath.nl\/index.php?rest_route=%2Fwp%2Fv2%2Fmedia&parent=321"}],"curies":[{"name":"wp","href":"https:\/\/api.w.org\/{rel}","templated":true}]}}